{"id":147,"date":"2014-01-20T23:11:53","date_gmt":"2014-01-20T22:11:53","guid":{"rendered":"http:\/\/kobra.asso.fr\/v7\/?page_id=147"},"modified":"2014-01-20T23:11:53","modified_gmt":"2014-01-20T22:11:53","slug":"finalites","status":"publish","type":"page","link":"https:\/\/kobra.asso.fr\/v7\/finalites\/","title":{"rendered":"Finalites"},"content":{"rendered":"<p>Les finalit\u00e9s de l&rsquo;association Kobra.<\/p>\n<p>L\u2019un des principaux objectifs du projet de l\u2019association s\u2019inscrit dans un axe culturel :<\/p>\n<ul>\n<li><strong>La d\u00e9mocratisation de l\u2019apprentissage musical pour tous.<\/strong><\/li>\n<\/ul>\n<p>Derri\u00e8re cet objectif, l\u2019id\u00e9e premi\u00e8re, que l\u2019on retrouve dans la d\u00e9finition de <a href=\"#\">l&rsquo;\u00e9ducation populaire<\/a>, est que l\u2019acc\u00e8s \u00e0 la culture est une condition de la participation \u00e0 la vie de la cit\u00e9 et qu\u2019il n\u2019y a pas de citoyennet\u00e9 r\u00e9elle si l\u2019on est exclu du savoir.<br \/>\nLa deuxi\u00e8me id\u00e9e est que les conditions sociales ne doivent pas \u00eatre un frein \u00e0 l\u2019acc\u00e8s \u00e0 la culture.<\/p>\n<p>Un objectif \u00e9ducatif :<\/p>\n<ul>\n<li><strong>Favoriser le d\u00e9veloppement aussi complet que possible des aptitudes de chacun.<\/strong><\/li>\n<\/ul>\n<p>Cet objectif fait r\u00e9f\u00e9rence \u00e0 l\u2019\u00e9ducation dans son sens large. L\u2019id\u00e9e est que pour devenir citoyen, cela passe par le d\u00e9veloppement des capacit\u00e9s cognitives, techniques, artistiques, sociales et comportementales.<\/p>\n<p>Un objectif concernant l\u2019acc\u00e8s \u00e0 la citoyennet\u00e9 :<\/p>\n<ul>\n<li><strong>Favoriser l\u2019\u00e9mancipation des personnes pour devenir citoyen.<\/strong><\/li>\n<\/ul>\n<p>L\u2019association est un espace d\u00e9mocratique qui doit favoriser la libert\u00e9 d\u2019expression et le d\u00e9bat. Dans cet espace, chacun doit avoir une place, on peut repr\u00e9senter un groupe de personne, chacun peut voter, et chacun peut s\u2019impliquer dans le fonctionnement de la structure. l&rsquo;objectif est de favoriser la participation des acteurs qui la compose, afin d\u2019augmenter leur implication et d\u2019accro\u00eetre leur r\u00f4le dans les prises de d\u00e9cisions.<\/p>\n","protected":false},"excerpt":{"rendered":"<p>Les finalit\u00e9s de l&rsquo;association Kobra. L\u2019un des principaux objectifs du projet de l\u2019association s\u2019inscrit dans un axe culturel : La d\u00e9mocratisation de l\u2019apprentissage musical pour tous. Derri\u00e8re cet objectif, l\u2019id\u00e9e\u2026 <a class=\"continue-reading-link\" href=\"https:\/\/kobra.asso.fr\/v7\/finalites\/\">Lire plus<\/a><\/p>\n","protected":false},"author":1,"featured_media":0,"parent":0,"menu_order":0,"comment_status":"closed","ping_status":"open","template":"","meta":{"footnotes":""},"jetpack_sharing_enabled":true,"_links":{"self":[{"href":"https:\/\/kobra.asso.fr\/v7\/wp-json\/wp\/v2\/pages\/147"}],"collection":[{"href":"https:\/\/kobra.asso.fr\/v7\/wp-json\/wp\/v2\/pages"}],"about":[{"href":"https:\/\/kobra.asso.fr\/v7\/wp-json\/wp\/v2\/types\/page"}],"author":[{"embeddable":true,"href":"https:\/\/kobra.asso.fr\/v7\/wp-json\/wp\/v2\/users\/1"}],"replies":[{"embeddable":true,"href":"https:\/\/kobra.asso.fr\/v7\/wp-json\/wp\/v2\/comments?post=147"}],"version-history":[{"count":1,"href":"https:\/\/kobra.asso.fr\/v7\/wp-json\/wp\/v2\/pages\/147\/revisions"}],"predecessor-version":[{"id":148,"href":"https:\/\/kobra.asso.fr\/v7\/wp-json\/wp\/v2\/pages\/147\/revisions\/148"}],"wp:attachment":[{"href":"https:\/\/kobra.asso.fr\/v7\/wp-json\/wp\/v2\/media?parent=147"}],"curies":[{"name":"wp","href":"https:\/\/api.w.org\/{rel}","templated":true}]}}