{"id":151,"date":"2014-01-20T23:46:50","date_gmt":"2014-01-20T22:46:50","guid":{"rendered":"http:\/\/kobra.asso.fr\/v7\/?page_id=151"},"modified":"2014-01-20T23:46:50","modified_gmt":"2014-01-20T22:46:50","slug":"economie-sociale-et-solidaire","status":"publish","type":"page","link":"https:\/\/kobra.asso.fr\/v7\/economie-sociale-et-solidaire\/","title":{"rendered":"Economie sociale et solidaire"},"content":{"rendered":"<p>Le projet de l\u2019association s\u2019inscrit dans un principe d\u2019\u00e9conomie sociale et solidaire car il est<br \/>\nconstruit dans un int\u00e9r\u00eat altruiste et a pour volont\u00e9 de mettre son \u00e9conomie au service du projet et<br \/>\nnon l\u2019inverse. Il prend \u00e9galement en compte, de mani\u00e8re transversale, l\u2019int\u00e9r\u00eat des acteurs du projet<br \/>\nqu\u2019ils soient b\u00e9n\u00e9voles, salari\u00e9s et b\u00e9n\u00e9ficiaires.<br \/>\nIl se d\u00e9cline en plusieurs objectifs :<\/p>\n<ul>\n<li><strong>Respecter les fondements d\u2019une d\u00e9mocratie repr\u00e9sentative et participative.<\/strong><\/li>\n<\/ul>\n<p>La gestion de l\u2019association se fait sur les fondements d\u2019une d\u00e9mocratie repr\u00e9sentative<br \/>\net participative. Dans la mesure du possible, l\u2019association souhaiterait qu\u2019un<br \/>\nrepr\u00e9sentant des organisateurs d\u2019ateliers de percussions si\u00e8ge au sein de son conseil<br \/>\nd\u2019administration.<\/p>\n<ul>\n<li><strong>Proposer des tarifs adapt\u00e9s.<\/strong><\/li>\n<\/ul>\n<p>Les tarifs propos\u00e9s par l\u2019association Kobra sont les plus bas possibles dans la limite de<br \/>\nses co\u00fbts de fonctionnements.<\/p>\n<ul>\n<li><strong>Limiter l\u2019\u00e9pargne abusive.<\/strong><\/li>\n<\/ul>\n<p>L\u2019association n\u2019\u00e9pargne que pour des projets d\u2019investissements exceptionnels<br \/>\n(exemple : v\u00e9hicules ou instruments de musique) et par cons\u00e9quent, r\u00e9injecte les<br \/>\nprofits \u00e9ventuels de l\u2019ann\u00e9e pass\u00e9e dans le projet de fonctionnement de l\u2019ann\u00e9e<br \/>\nsuivante.<\/p>\n<ul>\n<li><strong>Favoriser des situations professionnelles p\u00e9rennes et non pr\u00e9caires.<\/strong><\/li>\n<\/ul>\n<p>Dans le cadre de nouveaux emplois.<\/p>\n<ul>\n<li><strong>Acc\u00e9der \u00e0 la formation continue.<\/strong><\/li>\n<\/ul>\n<p>L\u2019association favorise la formation professionnelle en permettant \u00e0 son personnel<br \/>\nd\u2019entrer en formation B.P.J.E.P.S. et D.E.J.E.P.S..<br \/>\nElle favorise aussi la formation non professionnelle : acc\u00e8s \u00e0 la formation du B.A.F.A.<br \/>\nen partenariat avec l\u2019U.F.C.V avec un financement \u00e0 la cl\u00e9 pour certains de ses<br \/>\nb\u00e9n\u00e9voles.<br \/>\nDerni\u00e8rement, un partenariat a \u00e9t\u00e9 r\u00e9alis\u00e9 avec l\u2019antenne de la Croix Rouge d\u2019Issoire,<br \/>\npour que des b\u00e9n\u00e9voles de l\u2019association puissent \u00eatre form\u00e9s aux gestes des premiers<br \/>\nsecours via le dipl\u00f4me \u00ab PSC1 \u00bb.<\/p>\n","protected":false},"excerpt":{"rendered":"<p>Le projet de l\u2019association s\u2019inscrit dans un principe d\u2019\u00e9conomie sociale et solidaire car il est construit dans un int\u00e9r\u00eat altruiste et a pour volont\u00e9 de mettre son \u00e9conomie au service\u2026 <a class=\"continue-reading-link\" href=\"https:\/\/kobra.asso.fr\/v7\/economie-sociale-et-solidaire\/\">Lire plus<\/a><\/p>\n","protected":false},"author":1,"featured_media":0,"parent":0,"menu_order":0,"comment_status":"closed","ping_status":"open","template":"","meta":{"footnotes":""},"jetpack_sharing_enabled":true,"_links":{"self":[{"href":"https:\/\/kobra.asso.fr\/v7\/wp-json\/wp\/v2\/pages\/151"}],"collection":[{"href":"https:\/\/kobra.asso.fr\/v7\/wp-json\/wp\/v2\/pages"}],"about":[{"href":"https:\/\/kobra.asso.fr\/v7\/wp-json\/wp\/v2\/types\/page"}],"author":[{"embeddable":true,"href":"https:\/\/kobra.asso.fr\/v7\/wp-json\/wp\/v2\/users\/1"}],"replies":[{"embeddable":true,"href":"https:\/\/kobra.asso.fr\/v7\/wp-json\/wp\/v2\/comments?post=151"}],"version-history":[{"count":1,"href":"https:\/\/kobra.asso.fr\/v7\/wp-json\/wp\/v2\/pages\/151\/revisions"}],"predecessor-version":[{"id":152,"href":"https:\/\/kobra.asso.fr\/v7\/wp-json\/wp\/v2\/pages\/151\/revisions\/152"}],"wp:attachment":[{"href":"https:\/\/kobra.asso.fr\/v7\/wp-json\/wp\/v2\/media?parent=151"}],"curies":[{"name":"wp","href":"https:\/\/api.w.org\/{rel}","templated":true}]}}