{"id":202,"date":"2014-01-23T22:59:36","date_gmt":"2014-01-23T21:59:36","guid":{"rendered":"http:\/\/kobra.asso.fr\/v7\/?page_id=202"},"modified":"2014-01-23T23:21:03","modified_gmt":"2014-01-23T22:21:03","slug":"soutenez-lassociation-kobra","status":"publish","type":"page","link":"https:\/\/kobra.asso.fr\/v7\/soutenez-lassociation-kobra\/","title":{"rendered":"Soutenez l&rsquo;association Kobra"},"content":{"rendered":"<div class=\"dons_top\"><!-- --><\/div>\n<div class=\"dons_milieu\">\n<p><strong>Profitez de 66% de r\u00e9duction d&rsquo;imp\u00f4ts en faisant un don \u00e0 l&rsquo;association !<\/strong><\/p>\n<p class=\"ex\"><a title=\"R\u00e9glementation des dons aux associations\" href=\"http:\/\/www.associations.gouv.fr\/695-dons-manuels.html\" target=\"_blank\">Un don de 100\u20ac vous coutera en r\u00e9alit\u00e9 34\u20ac car vous d\u00e9duirez 66\u20ac sur vos impots.<\/a><\/p>\n<form action=\"https:\/\/www.paypal.com\/cgi-bin\/webscr\" method=\"post\" target=\"_top\"><input type=\"hidden\" name=\"cmd\" value=\"_s-xclick\" \/> <input type=\"hidden\" name=\"hosted_button_id\" value=\"LEV8UUUZWJHGN\" \/> <input class=\"cc\" type=\"image\" alt=\"PayPal - la solution de paiement en ligne la plus simple et la plus s\u00e9curis\u00e9e !\" name=\"submit\" src=\"https:\/\/www.paypalobjects.com\/fr_FR\/FR\/i\/btn\/btn_donateCC_LG.gif\" \/> <img loading=\"lazy\" decoding=\"async\" alt=\"\" src=\"https:\/\/www.paypalobjects.com\/fr_FR\/i\/scr\/pixel.gif\" width=\"1\" height=\"1\" border=\"0\" \/><\/p>\n<p>L&rsquo;association Kobra vous d\u00e9livrera ensuite un r\u00e9cipic\u00e9 permettant de justifier votre r\u00e9duction d\u2019imp\u00f4ts aupr\u00e8s de l&rsquo;administration fiscale.<\/p>\n<p><a href=\"#\">Utilisation des dons au sein de l&rsquo;association<\/a><\/p>\n<\/form>\n<\/div>\n<div class=\"dons_bottom\"><!-- --><\/div>\n","protected":false},"excerpt":{"rendered":"<p>Profitez de 66% de r\u00e9duction d&rsquo;imp\u00f4ts en faisant un don \u00e0 l&rsquo;association ! Un don de 100\u20ac vous coutera en r\u00e9alit\u00e9 34\u20ac car vous d\u00e9duirez 66\u20ac sur vos impots. L&rsquo;association\u2026 <a class=\"continue-reading-link\" href=\"https:\/\/kobra.asso.fr\/v7\/soutenez-lassociation-kobra\/\">Lire plus<\/a><\/p>\n","protected":false},"author":1,"featured_media":0,"parent":0,"menu_order":0,"comment_status":"closed","ping_status":"open","template":"","meta":{"footnotes":""},"jetpack_sharing_enabled":true,"_links":{"self":[{"href":"https:\/\/kobra.asso.fr\/v7\/wp-json\/wp\/v2\/pages\/202"}],"collection":[{"href":"https:\/\/kobra.asso.fr\/v7\/wp-json\/wp\/v2\/pages"}],"about":[{"href":"https:\/\/kobra.asso.fr\/v7\/wp-json\/wp\/v2\/types\/page"}],"author":[{"embeddable":true,"href":"https:\/\/kobra.asso.fr\/v7\/wp-json\/wp\/v2\/users\/1"}],"replies":[{"embeddable":true,"href":"https:\/\/kobra.asso.fr\/v7\/wp-json\/wp\/v2\/comments?post=202"}],"version-history":[{"count":3,"href":"https:\/\/kobra.asso.fr\/v7\/wp-json\/wp\/v2\/pages\/202\/revisions"}],"predecessor-version":[{"id":206,"href":"https:\/\/kobra.asso.fr\/v7\/wp-json\/wp\/v2\/pages\/202\/revisions\/206"}],"wp:attachment":[{"href":"https:\/\/kobra.asso.fr\/v7\/wp-json\/wp\/v2\/media?parent=202"}],"curies":[{"name":"wp","href":"https:\/\/api.w.org\/{rel}","templated":true}]}}