{"id":233,"date":"2014-01-27T22:46:42","date_gmt":"2014-01-27T21:46:42","guid":{"rendered":"http:\/\/kobra.asso.fr\/v7\/?page_id=233"},"modified":"2014-04-17T18:16:51","modified_gmt":"2014-04-17T16:16:51","slug":"djembe","status":"publish","type":"page","link":"https:\/\/kobra.asso.fr\/v7\/supports-pedagogiques-au-djembe\/djembe\/","title":{"rendered":"Djemb\u00e9"},"content":{"rendered":"<h1>Voici les contenus concernant le djemb\u00e9 :<\/h1>\n<h2>Le Combat des \u00e9l\u00e9phants:<\/h2>\n<p><iframe loading=\"lazy\" width=\"425\" height=\"344\" src=\"http:\/\/www.youtube.com\/embed\/JQjWtnWmeqs?wmode=transparent\" frameborder=\"0\" allowfullscreen> <\/iframe>\u00a0\u00a0 <a href=\"https:\/\/kobra.asso.fr\/v7\/wp-content\/uploads\/2014\/01\/combat-plan.jpg\"><img loading=\"lazy\" decoding=\"async\" class=\"size-thumbnail wp-image-362 alignnone\" alt=\"combat plan\" src=\"https:\/\/kobra.asso.fr\/v7\/wp-content\/uploads\/2014\/01\/combat-plan-150x150.jpg\" width=\"150\" height=\"150\" \/><\/a><\/p>\n<p><iframe loading=\"lazy\" width=\"425\" height=\"344\" src=\"http:\/\/www.youtube.com\/embed\/hW8oVmn9EaE?wmode=transparent\" frameborder=\"0\" allowfullscreen> <\/iframe> <a href=\"https:\/\/kobra.asso.fr\/v7\/wp-content\/uploads\/2014\/01\/combat-phrase-2.jpg\"><img loading=\"lazy\" decoding=\"async\" class=\"alignnone size-thumbnail wp-image-363\" alt=\"combat phrase 2\" src=\"https:\/\/kobra.asso.fr\/v7\/wp-content\/uploads\/2014\/01\/combat-phrase-2-150x150.jpg\" width=\"150\" height=\"150\" \/><\/a><\/p>\n<p><iframe loading=\"lazy\" width=\"425\" height=\"344\" src=\"http:\/\/www.youtube.com\/embed\/g0Wu1jULYu4?wmode=transparent\" frameborder=\"0\" allowfullscreen> <\/iframe><a href=\"https:\/\/kobra.asso.fr\/v7\/wp-content\/uploads\/2014\/01\/combat-phrase-1.jpg\"><img loading=\"lazy\" decoding=\"async\" class=\"alignnone size-thumbnail wp-image-364\" alt=\"combat phrase 1\" src=\"https:\/\/kobra.asso.fr\/v7\/wp-content\/uploads\/2014\/01\/combat-phrase-1-150x150.jpg\" width=\"150\" height=\"150\" \/><\/a><\/p>\n<h2>Adama Dram\u00e9 :<\/h2>\n<p><iframe loading=\"lazy\" width=\"425\" height=\"344\" src=\"http:\/\/www.youtube.com\/embed\/QoThdmctk9w?wmode=transparent\" frameborder=\"0\" allowfullscreen> <\/iframe><\/p>\n<p><iframe loading=\"lazy\" width=\"425\" height=\"344\" src=\"http:\/\/www.youtube.com\/embed\/L2TPHIZ3dT4?wmode=transparent\" frameborder=\"0\" allowfullscreen> <\/iframe> <a href=\"https:\/\/kobra.asso.fr\/v7\/wp-content\/uploads\/2014\/01\/plan-adamadrame.jpg\"><img loading=\"lazy\" decoding=\"async\" class=\"size-thumbnail wp-image-339 alignnone\" alt=\"plan-adamadrame\" src=\"https:\/\/kobra.asso.fr\/v7\/wp-content\/uploads\/2014\/01\/plan-adamadrame-150x150.jpg\" width=\"150\" height=\"150\" \/><\/a><\/p>\n<h2>Solo phrase 3 :<\/h2>\n<p><iframe loading=\"lazy\" width=\"425\" height=\"344\" src=\"http:\/\/www.youtube.com\/embed\/gA2eo6w4XOQ?wmode=transparent\" frameborder=\"0\" allowfullscreen> <\/iframe><\/p>\n<h2>Break 2 :<\/h2>\n<p><iframe loading=\"lazy\" width=\"425\" height=\"344\" src=\"http:\/\/www.youtube.com\/embed\/yxh5O4a8tzw?wmode=transparent\" frameborder=\"0\" allowfullscreen> <\/iframe><\/p>\n<h2>Zouk :<\/h2>\n<p><iframe loading=\"lazy\" width=\"425\" height=\"344\" src=\"http:\/\/www.youtube.com\/embed\/AioeFlYqI2U?wmode=transparent\" frameborder=\"0\" allowfullscreen> <\/iframe><\/p>\n","protected":false},"excerpt":{"rendered":"<p>Voici les contenus concernant le djemb\u00e9 : Le Combat des \u00e9l\u00e9phants: \u00a0\u00a0 Adama Dram\u00e9 : Solo phrase 3 : Break 2 : Zouk : <a class=\"continue-reading-link\" href=\"https:\/\/kobra.asso.fr\/v7\/supports-pedagogiques-au-djembe\/djembe\/\">Lire plus<\/a><\/p>\n","protected":false},"author":1,"featured_media":0,"parent":182,"menu_order":0,"comment_status":"open","ping_status":"open","template":"","meta":{"footnotes":""},"jetpack_sharing_enabled":true,"_links":{"self":[{"href":"https:\/\/kobra.asso.fr\/v7\/wp-json\/wp\/v2\/pages\/233"}],"collection":[{"href":"https:\/\/kobra.asso.fr\/v7\/wp-json\/wp\/v2\/pages"}],"about":[{"href":"https:\/\/kobra.asso.fr\/v7\/wp-json\/wp\/v2\/types\/page"}],"author":[{"embeddable":true,"href":"https:\/\/kobra.asso.fr\/v7\/wp-json\/wp\/v2\/users\/1"}],"replies":[{"embeddable":true,"href":"https:\/\/kobra.asso.fr\/v7\/wp-json\/wp\/v2\/comments?post=233"}],"version-history":[{"count":15,"href":"https:\/\/kobra.asso.fr\/v7\/wp-json\/wp\/v2\/pages\/233\/revisions"}],"predecessor-version":[{"id":365,"href":"https:\/\/kobra.asso.fr\/v7\/wp-json\/wp\/v2\/pages\/233\/revisions\/365"}],"up":[{"embeddable":true,"href":"https:\/\/kobra.asso.fr\/v7\/wp-json\/wp\/v2\/pages\/182"}],"wp:attachment":[{"href":"https:\/\/kobra.asso.fr\/v7\/wp-json\/wp\/v2\/media?parent=233"}],"curies":[{"name":"wp","href":"https:\/\/api.w.org\/{rel}","templated":true}]}}