{"id":34,"date":"2014-01-19T23:32:38","date_gmt":"2014-01-19T22:32:38","guid":{"rendered":"http:\/\/kobra.asso.fr\/v7\/?page_id=34"},"modified":"2019-06-26T21:49:05","modified_gmt":"2019-06-26T19:49:05","slug":"spectacles","status":"publish","type":"page","link":"https:\/\/kobra.asso.fr\/v7\/spectacles\/","title":{"rendered":"Spectacles"},"content":{"rendered":"<p><a href=\"https:\/\/kobra.asso.fr\/v7\/wp-content\/uploads\/2019\/05\/ambassadrice-2019.jpg\"><img loading=\"lazy\" decoding=\"async\" class=\"alignleft  wp-image-839\" src=\"https:\/\/kobra.asso.fr\/v7\/wp-content\/uploads\/2019\/05\/ambassadrice-2019.jpg\" alt=\"\" width=\"223\" height=\"335\" srcset=\"https:\/\/kobra.asso.fr\/v7\/wp-content\/uploads\/2019\/05\/ambassadrice-2019.jpg 533w, https:\/\/kobra.asso.fr\/v7\/wp-content\/uploads\/2019\/05\/ambassadrice-2019-200x300.jpg 200w, https:\/\/kobra.asso.fr\/v7\/wp-content\/uploads\/2019\/05\/ambassadrice-2019-100x150.jpg 100w\" sizes=\"(max-width: 223px) 100vw, 223px\" \/><\/a>La musique du groupe \u00ab\u00a0Kobra\u00a0\u00bb est issue du m\u00e9tissage de plusieurs cultures musicales \u00e0 savoir:<\/p>\n<ul>\n<li>Africaine,<\/li>\n<li>Br\u00e9silienne,<\/li>\n<li>Carib\u00e9enne,<\/li>\n<li>Occidentale populaire.<\/li>\n<\/ul>\n<p>Elle tire ses influences de nombreux artistes de renom comme : <a title=\"Adama Dram\u00e9\" href=\"http:\/\/www.fasofoliba.com\/\" target=\"_blank\" rel=\"noopener noreferrer\">Adama Dram\u00e9<\/a>, <a title=\"Guem\" href=\"http:\/\/www.guem-guem.com\/\" target=\"_blank\" rel=\"noopener noreferrer\">Guem<\/a>, <a title=\"Les tambours du Bronx\" href=\"http:\/\/www.tamboursdubronx.com\/fr\/\" target=\"_blank\" rel=\"noopener noreferrer\"> Les tambours du Bronx<\/a>, <a title=\"Les tambours de Brazza\" href=\"https:\/\/www.facebook.com\/pages\/Les-Tambours-de-Brazza\/342579662834\" target=\"_blank\" rel=\"noopener noreferrer\">Les tambours de Brazza<\/a>, <a title=\"Kassav\" href=\"http:\/\/www.kassav30ans.fr\/\" target=\"_blank\" rel=\"noopener noreferrer\">Kassav<\/a> et bien d&rsquo;autres encore&#8230;<\/p>\n<p><iframe loading=\"lazy\" width=\"425\" height=\"344\" src=\"http:\/\/www.youtube.com\/embed\/9SNQ6wOLtIs?wmode=transparent\" frameborder=\"0\" allowfullscreen> <\/iframe><\/p>\n<p>Forte de sa mobilit\u00e9 et de ses rythmes endiabl\u00e9s, le groupe \u00ab\u00a0Kobra\u00a0\u00bb saura animer toutes vos manifestations que ce soit en salle ou en plein air.<\/p>\n<p>Le groupe Kobra est constitu\u00e9 d&rsquo;une quinzaine de musiciens.<\/p>\n<p><img loading=\"lazy\" decoding=\"async\" class=\"aligncenter wp-image-526 \" src=\"https:\/\/kobra.asso.fr\/v7\/wp-content\/uploads\/2014\/01\/11328751_10153394321033685_1773049239_o.jpg\" alt=\"11328751_10153394321033685_1773049239_o\" width=\"640\" height=\"242\" \/><\/p>\n<p>N&rsquo;h\u00e9sitez pas \u00e0 nous <a title=\"contact\" href=\"contact\" target=\"_self\" rel=\"noopener noreferrer\">contacter<\/a> afin d&rsquo;\u00e9tudier la r\u00e9alisation de votre projet.<\/p>\n","protected":false},"excerpt":{"rendered":"<p>La musique du groupe \u00ab\u00a0Kobra\u00a0\u00bb est issue du m\u00e9tissage de plusieurs cultures musicales \u00e0 savoir: Africaine, Br\u00e9silienne, Carib\u00e9enne, Occidentale populaire. Elle tire ses influences de nombreux artistes de renom comme\u2026 <a class=\"continue-reading-link\" href=\"https:\/\/kobra.asso.fr\/v7\/spectacles\/\">Lire plus<\/a><\/p>\n","protected":false},"author":1,"featured_media":37,"parent":0,"menu_order":0,"comment_status":"closed","ping_status":"open","template":"","meta":{"footnotes":""},"jetpack_sharing_enabled":true,"_links":{"self":[{"href":"https:\/\/kobra.asso.fr\/v7\/wp-json\/wp\/v2\/pages\/34"}],"collection":[{"href":"https:\/\/kobra.asso.fr\/v7\/wp-json\/wp\/v2\/pages"}],"about":[{"href":"https:\/\/kobra.asso.fr\/v7\/wp-json\/wp\/v2\/types\/page"}],"author":[{"embeddable":true,"href":"https:\/\/kobra.asso.fr\/v7\/wp-json\/wp\/v2\/users\/1"}],"replies":[{"embeddable":true,"href":"https:\/\/kobra.asso.fr\/v7\/wp-json\/wp\/v2\/comments?post=34"}],"version-history":[{"count":17,"href":"https:\/\/kobra.asso.fr\/v7\/wp-json\/wp\/v2\/pages\/34\/revisions"}],"predecessor-version":[{"id":916,"href":"https:\/\/kobra.asso.fr\/v7\/wp-json\/wp\/v2\/pages\/34\/revisions\/916"}],"wp:featuredmedia":[{"embeddable":true,"href":"https:\/\/kobra.asso.fr\/v7\/wp-json\/wp\/v2\/media\/37"}],"wp:attachment":[{"href":"https:\/\/kobra.asso.fr\/v7\/wp-json\/wp\/v2\/media?parent=34"}],"curies":[{"name":"wp","href":"https:\/\/api.w.org\/{rel}","templated":true}]}}