{"id":39,"date":"2014-01-19T23:53:05","date_gmt":"2014-01-19T22:53:05","guid":{"rendered":"http:\/\/kobra.asso.fr\/v7\/?page_id=39"},"modified":"2020-10-08T18:23:30","modified_gmt":"2020-10-08T16:23:30","slug":"les-ateliers-de-percussions","status":"publish","type":"page","link":"https:\/\/kobra.asso.fr\/v7\/les-ateliers-de-percussions\/","title":{"rendered":"Les ateliers de percussions"},"content":{"rendered":"<p style=\"text-align: left;\"><a href=\"https:\/\/kobra.asso.fr\/v7\/wp-content\/uploads\/2020\/09\/atelier-enfants.jpg\"><img loading=\"lazy\" decoding=\"async\" class=\"alignleft size-medium wp-image-959\" src=\"https:\/\/kobra.asso.fr\/v7\/wp-content\/uploads\/2020\/09\/atelier-enfants-300x225.jpg\" alt=\"atelier enfants\" width=\"300\" height=\"225\" srcset=\"https:\/\/kobra.asso.fr\/v7\/wp-content\/uploads\/2020\/09\/atelier-enfants-300x225.jpg 300w, https:\/\/kobra.asso.fr\/v7\/wp-content\/uploads\/2020\/09\/atelier-enfants-1024x768.jpg 1024w, https:\/\/kobra.asso.fr\/v7\/wp-content\/uploads\/2020\/09\/atelier-enfants-768x576.jpg 768w, https:\/\/kobra.asso.fr\/v7\/wp-content\/uploads\/2020\/09\/atelier-enfants-200x150.jpg 200w, https:\/\/kobra.asso.fr\/v7\/wp-content\/uploads\/2020\/09\/atelier-enfants-150x113.jpg 150w, https:\/\/kobra.asso.fr\/v7\/wp-content\/uploads\/2020\/09\/atelier-enfants.jpg 1204w\" sizes=\"(max-width: 300px) 100vw, 300px\" \/><\/a>L&rsquo;association anime des ateliers de percussions dans lesquels elle utilise la pratique musicale pour maintenir et consolider les liens sociaux. Les projets musicaux sont construits \u00e0 partir d\u2019une dynamique de groupe coop\u00e9rative. Selon les ateliers, les m\u00e9thodes p\u00e9dagogiques sont diff\u00e9renci\u00e9es et adapt\u00e9es en fonction des besoins du public. Le but de l&rsquo;atelier est de permettre aux participants de pouvoir jouer avec le groupe \u00ab\u00a0Kobra\u00a0\u00bb et de se repr\u00e9senter face \u00e0 un public. Le groupe est un espace d\u2019expression pour chaque musicien. Il permet de travailler sur le \u00ab d\u00e9passement de soi \u00bb. En effet, se produire devant un nombre cons\u00e9quent de spectateurs est un challenge pour tous.<\/p>\n<p style=\"text-align: right;\"><iframe loading=\"lazy\" width=\"425\" height=\"344\" src=\"http:\/\/www.youtube.com\/embed\/RELDe7f5xI4?wmode=transparent\" frameborder=\"0\" allowfullscreen> <\/iframe><\/p>\n<p>De nombreux ateliers sont anim\u00e9s dans la r\u00e9gion. Il y en a certainement un pr\u00e8s de chez vous ou de votre lieu professionnel.<\/p>\n<p>Cette ann\u00e9e 2020-21, les ateliers disponibles sont :<\/p>\n        <div class=\"gmwd_container_wrapper\">            <div class=\"gmwd_container\">                <div id=\"gmwd_container_1\">                    <script>                        if(typeof gmwdmapData == 'undefined'){                            var gmwdmapData = [];                         }                                                                gmwdmapData[\"widget\" + '2'] = \"\";                                           gmwdmapData[\"mapId\" + '2'] = Number(\"2\");                                           gmwdmapData[\"centerLat\" + '2'] = Number(\"45.733384590186375\");                        gmwdmapData[\"centerLng\" + '2'] = Number(\"3.1986727317780606\");\t                        gmwdmapData[\"zoom\" + '2'] = Number(\"14\");                        gmwdmapData[\"mapType\" + '2'] = \"0\";                        gmwdmapData[\"maxZoom\" + '2'] = Number(\"22\");                        gmwdmapData[\"minZoom\" + '2'] = Number(\"2\");                        gmwdmapData[\"mapWhellScrolling\" + '2'] = Number(\"0\") == 1 ? true : false;\t\t\t\t                        gmwdmapData[\"infoWindowOpenOn\" + '2'] = \"click\" ;\t\t\t\t                        gmwdmapData[\"mapDragable\" + '2'] = Number(\"1\") == 1 ? true : false;\t                            gmwdmapData[\"mapDbClickZoom\" + '2'] = Number(\"0\") == 1 ? true : false;\t                                                            gmwdmapData[\"enableZoomControl\" + '2'] = Number(\"1\") == 1 ? true : false;                        gmwdmapData[\"enableMapTypeControl\" + '2'] = Number(\"1\") == 1 ? true : false;\t\t\t                        gmwdmapData[\"mapTypeControlOptions\" + '2'] = {};                                                gmwdmapData[\"enableScaleControl\" + '2'] = Number(\"1\") == 1 ? true : false;                        gmwdmapData[\"enableStreetViewControl\" + '2'] = Number(\"1\") == 1 ? true : false;                        gmwdmapData[\"enableFullscreenControl\" + '2'] = Number(\"0\") == 1 ? true : false;                        gmwdmapData[\"enableRotateControl\" + '2'] = Number(\"1\") == 1 ? true : false;                        gmwdmapData[\"mapTypeControlPosition\" + '2'] = Number(\"0\");                                                gmwdmapData[\"zoomControlPosition\" + '2'] = Number(\"0\");                        gmwdmapData[\"streetViewControlPosition\" + '2'] = Number(\"0\");                                                gmwdmapData[\"fullscreenControlPosition\" + '2'] = Number(\"0\");                                                gmwdmapData[\"mapTypeControlStyle\" + '2'] = Number(\"0\");\t\t\t\t                        gmwdmapData[\"mapBorderRadius\" + '2'] = \"\";                        gmwdmapData[\"enableBykeLayer\" + '2'] =  Number(\"0\");\t                        gmwdmapData[\"enableTrafficLayer\" + '2'] =  Number(\"0\");\t\t\t\t                        gmwdmapData[\"enableTransitLayer\" + '2'] =  Number(\"0\");\t                        gmwdmapData[\"geoRSSURL\" + '2'] = \"\";\t                        gmwdmapData[\"KMLURL\" + '2'] = \"\";\t                        gmwdmapData[\"fusionTableId\" + '2'] = '';\t                                        gmwdmapData[\"mapTheme\" + '2'] = '';\t\t\t                        gmwdmapData[\"mapMarkers\" + '2'] = JSON.parse('{\"8\":{\"id\":\"8\",\"map_id\":\"2\",\"lat\":\"45.72896145721139\",\"lng\":\"3.1983322777709873\",\"category\":\"0\",\"title\":\"Ateliers Cournon\",\"address\":\"63800 Cournon-d&#039;Auvergne, France\",\"animation\":\"NONE\",\"enable_info_window\":\"1\",\"info_window_open\":\"0\",\"marker_size\":\"32\",\"custom_marker_url\":\"\",\"choose_marker_icon\":\"1\",\"description\":\"\",\"link_url\":\"\",\"pic_url\":\"\",\"published\":\"1\"}}');                        gmwdmapData[\"mapPolygons\" + '2'] =  JSON.parse('[]');                        gmwdmapData[\"mapPolylines\" + '2'] = JSON.parse('[]');                                                gmwdmapData[\"enableCategoryFilter\" + '2'] = \"0\";                                                gmwdmapData[\"enableDirections\" + '2'] = \"0\";                        gmwdmapData[\"enableStoreLocatior\" + '2'] = \"0\";                        gmwdmapData[\"storeLocatorDistanceIn\" + '2'] = \"km\";                                                gmwdmapData[\"storeLocatorStrokeWidth\" + '2'] = Number(\"2\");                        gmwdmapData[\"storeLocatorFillColor\" + '2'] = \"#\" + \"7FDF16\";                        gmwdmapData[\"storeLocatorFillOpacity\" + '2'] = Number(\"0.3\");                        gmwdmapData[\"storeLocatorLineColor\" + '2'] = \"#\" + \"000\";                        gmwdmapData[\"storeLocatorLineOpacity\" + '2'] = Number(\"0.6\");                                                gmwdmapData[\"markerListingType\" + '2'] = \"0\";                        gmwdmapData[\"markerListInsideMap\" + '2'] = \"0\";                        gmwdmapData[\"markerListPosition\" + '2'] = Number(\"0\");                        gmwdmapData[\"infoWindowInfo\" + '2'] = \"title,address,desc,pic\";                        gmwdmapData[\"advancedInfoWindowPosition\" + '2'] = Number(\"10\");                        gmwdmapData[\"geolocateUser\" + '2'] = Number(\"0\");                        gmwdmapData[\"items\" + '2'] = \"3\";                                                gmwdmapData[\"enableSerchBox\" + '2'] = \"0\";                        gmwdmapData[\"serchBoxPosition\" + '2'] = Number(\"3\");                                                gmwdmapData[\"allMarkers\" + '2'] = [];                               gmwdmapData[\"allPolygons\" + '2'] = [];                        gmwdmapData[\"allPolygonMarkers\" + '2'] = [];                        gmwdmapData[\"allPolylines\" + '2'] = [];                        gmwdmapData[\"allPolylineMarkers\" + '2'] = [];                        gmwdmapData[\"infoWindows\" + '2'] = [];                        gmwdmapData[\"ajaxData\" + '2']  = {};                                                var ajaxURL = \"https:\/\/kobra.asso.fr\/v7\/wp-admin\/admin-ajax.php\";                        var markerDefaultIcon = \"\";                        var GMWD_URL = \"https:\/\/kobra.asso.fr\/v7\/wp-content\/plugins\/wd-google-maps\";                        jQuery( document ).ready(function() {\t\t\t\t\t                            gmwdInitMainMap(\"wd-map2\",false, '2');                            gmwdReadyFunction('2');                        });                    <\/script>                                        <div class=\"wd-clear\">                        <div id=\"wd-map2\" class=\"wd-row \" style=\"margin-right:auto; margin-left:auto; height:300px; width:80%\"><\/div>                    <\/div>                                                                <\/div>            <\/div>\t\t<\/div>\t\t\n<ul>\n<li><strong>Les mercredis<\/strong> \u00e0 Cournon d&rsquo;Auvergne de 18h \u00e0 18h30 pour les enfants et de 18h30 \u00e0 19h30 pour les adultes Salle du Montmouchet place Montmouchet. Cet atelier d\u00e9butera le 16 septembre 2020.<\/li>\n<\/ul>\n<p>N&rsquo;h\u00e9sitez pas \u00e0 nous <a title=\"contact\" href=\"https:\/\/kobra.asso.fr\/v7\/contact\/\" target=\"_self\" rel=\"noopener noreferrer\">contacter<\/a> pour plus d&rsquo;informations.<\/p>\n","protected":false},"excerpt":{"rendered":"<p>L&rsquo;association anime des ateliers de percussions dans lesquels elle utilise la pratique musicale pour maintenir et consolider les liens sociaux. Les projets musicaux sont construits \u00e0 partir d\u2019une dynamique de\u2026 <a class=\"continue-reading-link\" href=\"https:\/\/kobra.asso.fr\/v7\/les-ateliers-de-percussions\/\">Lire plus<\/a><\/p>\n","protected":false},"author":1,"featured_media":0,"parent":0,"menu_order":0,"comment_status":"closed","ping_status":"open","template":"","meta":{"footnotes":""},"jetpack_sharing_enabled":true,"_links":{"self":[{"href":"https:\/\/kobra.asso.fr\/v7\/wp-json\/wp\/v2\/pages\/39"}],"collection":[{"href":"https:\/\/kobra.asso.fr\/v7\/wp-json\/wp\/v2\/pages"}],"about":[{"href":"https:\/\/kobra.asso.fr\/v7\/wp-json\/wp\/v2\/types\/page"}],"author":[{"embeddable":true,"href":"https:\/\/kobra.asso.fr\/v7\/wp-json\/wp\/v2\/users\/1"}],"replies":[{"embeddable":true,"href":"https:\/\/kobra.asso.fr\/v7\/wp-json\/wp\/v2\/comments?post=39"}],"version-history":[{"count":53,"href":"https:\/\/kobra.asso.fr\/v7\/wp-json\/wp\/v2\/pages\/39\/revisions"}],"predecessor-version":[{"id":963,"href":"https:\/\/kobra.asso.fr\/v7\/wp-json\/wp\/v2\/pages\/39\/revisions\/963"}],"wp:attachment":[{"href":"https:\/\/kobra.asso.fr\/v7\/wp-json\/wp\/v2\/media?parent=39"}],"curies":[{"name":"wp","href":"https:\/\/api.w.org\/{rel}","templated":true}]}}