{"id":42,"date":"2014-01-20T00:07:54","date_gmt":"2014-01-19T23:07:54","guid":{"rendered":"http:\/\/kobra.asso.fr\/v7\/?page_id=42"},"modified":"2024-06-07T18:17:13","modified_gmt":"2024-06-07T16:17:13","slug":"contact","status":"publish","type":"page","link":"https:\/\/kobra.asso.fr\/v7\/contact\/","title":{"rendered":"Contactez nous"},"content":{"rendered":"<p><a href=\"https:\/\/kobra.asso.fr\/v7\/wp-content\/uploads\/2014\/01\/ecrire.jpg\"><img loading=\"lazy\" decoding=\"async\" class=\"alignleft size-full wp-image-60\" src=\"https:\/\/kobra.asso.fr\/v7\/wp-content\/uploads\/2014\/01\/ecrire.jpg\" alt=\"ecrire\" width=\"120\" height=\"120\" \/><\/a>Vous pouvez nous contacter par t\u00e9l\u00e9phone au : 06-62-72-64-48<\/p>\n<p>Ou bien par mail en remplissant le formulaire ci dessous:<br \/>\n<em>(Si le formulaire ne fonctionne pas, l&rsquo;adresse mail de l&rsquo;association est : contact@kobra.asso.fr)<\/em><\/p>\n\n<div class=\"wpcf7 no-js\" id=\"wpcf7-f62-o1\" lang=\"fr-FR\" dir=\"ltr\">\n<div class=\"screen-reader-response\"><p role=\"status\" aria-live=\"polite\" aria-atomic=\"true\"><\/p> <ul><\/ul><\/div>\n<form action=\"\/v7\/wp-json\/wp\/v2\/pages\/42#wpcf7-f62-o1\" method=\"post\" class=\"wpcf7-form init\" aria-label=\"Formulaire de contact\" novalidate=\"novalidate\" data-status=\"init\">\n<div style=\"display: none;\">\n<input type=\"hidden\" name=\"_wpcf7\" value=\"62\" \/>\n<input type=\"hidden\" name=\"_wpcf7_version\" value=\"5.9.8\" \/>\n<input type=\"hidden\" name=\"_wpcf7_locale\" value=\"fr_FR\" \/>\n<input type=\"hidden\" name=\"_wpcf7_unit_tag\" value=\"wpcf7-f62-o1\" \/>\n<input type=\"hidden\" name=\"_wpcf7_container_post\" value=\"0\" \/>\n<input type=\"hidden\" name=\"_wpcf7_posted_data_hash\" value=\"\" \/>\n<\/div>\n<p>Les champs marqu\u00e9 d'un \"*\" sont obligatoires\n<\/p>\n<p>Civilit\u00e9 * <span class=\"wpcf7-form-control-wrap\" data-name=\"Civilite\"><select class=\"wpcf7-form-control wpcf7-select wpcf7-validates-as-required\" aria-required=\"true\" aria-invalid=\"false\" name=\"Civilite\"><option value=\"Particulier\">Particulier<\/option><option value=\"Association\">Association<\/option><option value=\"Collectivit\u00e9 territoriale\">Collectivit\u00e9 territoriale<\/option><option value=\"Soci\u00e9t\u00e9\">Soci\u00e9t\u00e9<\/option><\/select><\/span>\n<\/p>\n<p>Nom ou D\u00e9nomination * <span class=\"wpcf7-form-control-wrap\" data-name=\"your-name\"><input size=\"40\" maxlength=\"400\" class=\"wpcf7-form-control wpcf7-text wpcf7-validates-as-required\" aria-required=\"true\" aria-invalid=\"false\" value=\"\" type=\"text\" name=\"your-name\" \/><\/span>\n<\/p>\n<p>Pr\u00e9nom ou Nom du correspondant * <span class=\"wpcf7-form-control-wrap\" data-name=\"Prenom\"><input size=\"40\" maxlength=\"400\" class=\"wpcf7-form-control wpcf7-text wpcf7-validates-as-required\" aria-required=\"true\" aria-invalid=\"false\" value=\"\" type=\"text\" name=\"Prenom\" \/><\/span>\n<\/p>\n<p>Adresse <span class=\"wpcf7-form-control-wrap\" data-name=\"adresse\"><input size=\"40\" maxlength=\"400\" class=\"wpcf7-form-control wpcf7-text\" aria-invalid=\"false\" value=\"\" type=\"text\" name=\"adresse\" \/><\/span>\n<\/p>\n<p>Code Postal <span class=\"wpcf7-form-control-wrap\" data-name=\"cp\"><input class=\"wpcf7-form-control wpcf7-number wpcf7-validates-as-number\" aria-invalid=\"false\" value=\"\" type=\"number\" name=\"cp\" \/><\/span>\n<\/p>\n<p>Ville * <span class=\"wpcf7-form-control-wrap\" data-name=\"ville\"><input size=\"40\" maxlength=\"400\" class=\"wpcf7-form-control wpcf7-text wpcf7-validates-as-required\" aria-required=\"true\" aria-invalid=\"false\" value=\"\" type=\"text\" name=\"ville\" \/><\/span>\n<\/p>\n<p>Votre email * <span class=\"wpcf7-form-control-wrap\" data-name=\"your-email\"><input size=\"40\" maxlength=\"400\" class=\"wpcf7-form-control wpcf7-email wpcf7-validates-as-required wpcf7-text wpcf7-validates-as-email\" aria-required=\"true\" aria-invalid=\"false\" value=\"\" type=\"email\" name=\"your-email\" \/><\/span>\n<\/p>\n<p>T\u00e9l Fixe <span class=\"wpcf7-form-control-wrap\" data-name=\"Tel-fixe\"><input size=\"40\" maxlength=\"10\" class=\"wpcf7-form-control wpcf7-tel wpcf7-text wpcf7-validates-as-tel\" aria-invalid=\"false\" value=\"\" type=\"tel\" name=\"Tel-fixe\" \/><\/span>\n<\/p>\n<p>T\u00e9l Mobile <span class=\"wpcf7-form-control-wrap\" data-name=\"tel-mobile\"><input size=\"40\" maxlength=\"10\" class=\"wpcf7-form-control wpcf7-tel wpcf7-text wpcf7-validates-as-tel\" aria-invalid=\"false\" value=\"\" type=\"tel\" name=\"tel-mobile\" \/><\/span>\n<\/p>\n<p>Sujet du message * <span class=\"wpcf7-form-control-wrap\" data-name=\"sujet\"><select class=\"wpcf7-form-control wpcf7-select wpcf7-validates-as-required\" aria-required=\"true\" aria-invalid=\"false\" name=\"sujet\"><option value=\"\">&#8212;Veuillez choisir une option&#8212;<\/option><option value=\"Information spectacles\">Information spectacles<\/option><option value=\"Informations ateliers\">Informations ateliers<\/option><option value=\"Information formation professionnelle\">Information formation professionnelle<\/option><option value=\"Autre demande...\">Autre demande...<\/option><\/select><\/span>\n<\/p>\n<p>Votre message *\n<\/p>\n<p><span class=\"wpcf7-form-control-wrap\" data-name=\"message\"><textarea cols=\"40\" rows=\"10\" maxlength=\"2000\" class=\"wpcf7-form-control wpcf7-textarea wpcf7-validates-as-required\" aria-required=\"true\" aria-invalid=\"false\" name=\"message\"><\/textarea><\/span>\n<\/p>\n<p>Je souhaite \u00eatre inform\u00e9 de l'activit\u00e9 de l'association <span class=\"wpcf7-form-control-wrap\" data-name=\"radio-792\"><span class=\"wpcf7-form-control wpcf7-radio\"><span class=\"wpcf7-list-item first\"><label><span class=\"wpcf7-list-item-label\">Oui<\/span><input type=\"radio\" name=\"radio-792\" value=\"Oui\" \/><\/label><\/span><span class=\"wpcf7-list-item last\"><label><span class=\"wpcf7-list-item-label\">Non<\/span><input type=\"radio\" name=\"radio-792\" value=\"Non\" \/><\/label><\/span><\/span><\/span>\n<\/p>\n<p><input type=\"hidden\" name=\"_wpcf7_captcha_challenge_captcha-526\" value=\"2327738231\" \/><img loading=\"lazy\" decoding=\"async\" class=\"wpcf7-form-control wpcf7-captchac wpcf7-captcha-captcha-526\" width=\"72\" height=\"24\" alt=\"captcha\" src=\"https:\/\/kobra.asso.fr\/v7\/wp-content\/uploads\/wpcf7_captcha\/2327738231.png\" \/><br \/>\nRecopiez le code de l'image * <span class=\"wpcf7-form-control-wrap\" data-name=\"captcha-526\"><input size=\"40\" class=\"wpcf7-form-control wpcf7-captchar\" autocomplete=\"off\" aria-invalid=\"false\" value=\"\" type=\"text\" name=\"captcha-526\" \/><\/span>\n<\/p>\n<p><input class=\"wpcf7-form-control wpcf7-submit has-spinner\" type=\"submit\" value=\"Envoyer\" \/>\n<\/p><p style=\"display: none !important;\" class=\"akismet-fields-container\" data-prefix=\"_wpcf7_ak_\"><label>&#916;<textarea name=\"_wpcf7_ak_hp_textarea\" cols=\"45\" rows=\"8\" maxlength=\"100\"><\/textarea><\/label><input type=\"hidden\" id=\"ak_js_1\" name=\"_wpcf7_ak_js\" value=\"18\"\/><script>document.getElementById( \"ak_js_1\" ).setAttribute( \"value\", ( new Date() ).getTime() );<\/script><\/p><div class=\"wpcf7-response-output\" aria-hidden=\"true\"><\/div>\n<\/form>\n<\/div>\n\n","protected":false},"excerpt":{"rendered":"<p>Vous pouvez nous contacter par t\u00e9l\u00e9phone au : 06-62-72-64-48 Ou bien par mail en remplissant le formulaire ci dessous: (Si le formulaire ne fonctionne pas, l&rsquo;adresse mail de l&rsquo;association est\u2026 <a class=\"continue-reading-link\" href=\"https:\/\/kobra.asso.fr\/v7\/contact\/\">Lire plus<\/a><\/p>\n","protected":false},"author":1,"featured_media":0,"parent":0,"menu_order":0,"comment_status":"closed","ping_status":"open","template":"","meta":{"footnotes":""},"jetpack_sharing_enabled":true,"_links":{"self":[{"href":"https:\/\/kobra.asso.fr\/v7\/wp-json\/wp\/v2\/pages\/42"}],"collection":[{"href":"https:\/\/kobra.asso.fr\/v7\/wp-json\/wp\/v2\/pages"}],"about":[{"href":"https:\/\/kobra.asso.fr\/v7\/wp-json\/wp\/v2\/types\/page"}],"author":[{"embeddable":true,"href":"https:\/\/kobra.asso.fr\/v7\/wp-json\/wp\/v2\/users\/1"}],"replies":[{"embeddable":true,"href":"https:\/\/kobra.asso.fr\/v7\/wp-json\/wp\/v2\/comments?post=42"}],"version-history":[{"count":14,"href":"https:\/\/kobra.asso.fr\/v7\/wp-json\/wp\/v2\/pages\/42\/revisions"}],"predecessor-version":[{"id":982,"href":"https:\/\/kobra.asso.fr\/v7\/wp-json\/wp\/v2\/pages\/42\/revisions\/982"}],"wp:attachment":[{"href":"https:\/\/kobra.asso.fr\/v7\/wp-json\/wp\/v2\/media?parent=42"}],"curies":[{"name":"wp","href":"https:\/\/api.w.org\/{rel}","templated":true}]}}