{"id":859,"date":"2019-06-26T09:50:20","date_gmt":"2019-06-26T07:50:20","guid":{"rendered":"http:\/\/kobra.asso.fr\/v7\/commande\/confirmation-dachat\/"},"modified":"2019-06-26T09:50:20","modified_gmt":"2019-06-26T07:50:20","slug":"confirmation-dachat","status":"publish","type":"page","link":"https:\/\/kobra.asso.fr\/v7\/commande\/confirmation-dachat\/","title":{"rendered":"Confirmation d\u2019achat"},"content":{"rendered":"<p>Merci pour votre achat ! <p class=\"edd-alert edd-alert-error\">D\u00e9sol\u00e9, probl\u00e8me de r\u00e9cup\u00e9ration du re\u00e7u de commande.<\/p><\/p>\n","protected":false},"excerpt":{"rendered":"<p>Merci pour votre achat ! <a class=\"continue-reading-link\" href=\"https:\/\/kobra.asso.fr\/v7\/commande\/confirmation-dachat\/\">Lire plus<\/a><\/p>\n","protected":false},"author":1,"featured_media":0,"parent":858,"menu_order":0,"comment_status":"closed","ping_status":"closed","template":"","meta":{"footnotes":""},"jetpack_sharing_enabled":true,"_links":{"self":[{"href":"https:\/\/kobra.asso.fr\/v7\/wp-json\/wp\/v2\/pages\/859"}],"collection":[{"href":"https:\/\/kobra.asso.fr\/v7\/wp-json\/wp\/v2\/pages"}],"about":[{"href":"https:\/\/kobra.asso.fr\/v7\/wp-json\/wp\/v2\/types\/page"}],"author":[{"embeddable":true,"href":"https:\/\/kobra.asso.fr\/v7\/wp-json\/wp\/v2\/users\/1"}],"replies":[{"embeddable":true,"href":"https:\/\/kobra.asso.fr\/v7\/wp-json\/wp\/v2\/comments?post=859"}],"version-history":[{"count":0,"href":"https:\/\/kobra.asso.fr\/v7\/wp-json\/wp\/v2\/pages\/859\/revisions"}],"up":[{"embeddable":true,"href":"https:\/\/kobra.asso.fr\/v7\/wp-json\/wp\/v2\/pages\/858"}],"wp:attachment":[{"href":"https:\/\/kobra.asso.fr\/v7\/wp-json\/wp\/v2\/media?parent=859"}],"curies":[{"name":"wp","href":"https:\/\/api.w.org\/{rel}","templated":true}]}}