{"id":860,"date":"2019-06-26T09:50:20","date_gmt":"2019-06-26T07:50:20","guid":{"rendered":"http:\/\/kobra.asso.fr\/v7\/commande\/echec-de-la-transaction\/"},"modified":"2019-06-26T09:50:20","modified_gmt":"2019-06-26T07:50:20","slug":"echec-de-la-transaction","status":"publish","type":"page","link":"https:\/\/kobra.asso.fr\/v7\/commande\/echec-de-la-transaction\/","title":{"rendered":"\u00c9chec de la transaction"},"content":{"rendered":"<p>Votre transaction a \u00e9chou\u00e9, veuillez r\u00e9essayer ou contacter le support technique du site.<\/p>\n","protected":false},"excerpt":{"rendered":"<p>Votre transaction a \u00e9chou\u00e9, veuillez r\u00e9essayer ou contacter le support technique du site. <a class=\"continue-reading-link\" href=\"https:\/\/kobra.asso.fr\/v7\/commande\/echec-de-la-transaction\/\">Lire plus<\/a><\/p>\n","protected":false},"author":1,"featured_media":0,"parent":858,"menu_order":0,"comment_status":"closed","ping_status":"closed","template":"","meta":{"footnotes":""},"jetpack_sharing_enabled":true,"_links":{"self":[{"href":"https:\/\/kobra.asso.fr\/v7\/wp-json\/wp\/v2\/pages\/860"}],"collection":[{"href":"https:\/\/kobra.asso.fr\/v7\/wp-json\/wp\/v2\/pages"}],"about":[{"href":"https:\/\/kobra.asso.fr\/v7\/wp-json\/wp\/v2\/types\/page"}],"author":[{"embeddable":true,"href":"https:\/\/kobra.asso.fr\/v7\/wp-json\/wp\/v2\/users\/1"}],"replies":[{"embeddable":true,"href":"https:\/\/kobra.asso.fr\/v7\/wp-json\/wp\/v2\/comments?post=860"}],"version-history":[{"count":0,"href":"https:\/\/kobra.asso.fr\/v7\/wp-json\/wp\/v2\/pages\/860\/revisions"}],"up":[{"embeddable":true,"href":"https:\/\/kobra.asso.fr\/v7\/wp-json\/wp\/v2\/pages\/858"}],"wp:attachment":[{"href":"https:\/\/kobra.asso.fr\/v7\/wp-json\/wp\/v2\/media?parent=860"}],"curies":[{"name":"wp","href":"https:\/\/api.w.org\/{rel}","templated":true}]}}